{"id":69,"date":"2017-06-23T04:51:37","date_gmt":"2017-06-23T04:51:37","guid":{"rendered":"http:\/\/inspirythemesdemo.com\/realplaces\/?page_id=69"},"modified":"2020-10-18T19:11:07","modified_gmt":"2020-10-18T16:11:07","slug":"list-layout","status":"publish","type":"page","link":"https:\/\/argininsaat.com\/?page_id=69","title":{"rendered":"B\u0130TM\u0130\u015e  PROJEER"},"content":{"rendered":"<p style=\"text-align: left;\">Antalya arg\u0131n in\u015faat emlak \u015eirketimiz, 2005 y\u0131l\u0131ndan kuruldu \u015eirketimiz. Antalya \u0130n\u015faat sekt\u00f6r\u00fcn\u00fc de bu y\u0131llarda Antalya\u2019daki artan konut taleplerine cevap veren, Antalya da sahibinden salt\u0131k daire konut, i\u015fyeri, ofis, d\u00fckk\u00e2n, Rezidans projeleri in\u015fa etmeye ba\u015flam\u0131\u015ft\u0131r. Amac\u0131m\u0131z, Antalya Arg\u0131n \u0130n\u015faat emlak Firmas\u0131n\u0131 Antalya\u2019n\u0131n \u00f6nde gelen kaliteli bir in\u015faat firmas\u0131 yapmak, \u00fcretti\u011fimiz projeleri kullan\u0131c\u0131lar\u0131n iste\u011fine uygun sat\u0131\u015f fiyatlar\u0131na g\u00f6re kalite standartlar\u0131nda, enerji tasarrufu sa\u011flayan, do\u011fal \u00e7evreye uyumlu, g\u00f6rsel ve estetik a\u00e7\u0131dan fark yaratan ya\u015fam alanlar\u0131 sahibinden sat\u0131l\u0131k i\u015f yeri ofis d\u00fckk\u00e2n konut Rezidans ve villa sitelerini \u00fcretmektir. Antalya arg\u0131n in\u015faat emlak kalite, sa\u011flaml\u0131k ve konfordan kesinlikle taviz vermedi\u011fi gibi Antalya arg\u0131n emlak in\u015faat taahh\u00fcd\u00fc alt\u0131ndaki in\u015faatlar\u0131 zaman\u0131ndan \u00f6nce ve eksiksiz olarak teslim etmektedir. Antalya Arg\u0131n in\u015faat Referanslar\u0131 bunun en g\u00fczel \u00f6rne\u011fidir.<\/p>\n","protected":false},"excerpt":{"rendered":"<p>Antalya arg\u0131n in\u015faat emlak \u015eirketimiz, 2005 y\u0131l\u0131ndan kuruldu \u015eirketimiz. Antalya \u0130n\u015faat sekt\u00f6r\u00fcn\u00fc de bu y\u0131llarda Antalya\u2019daki artan konut taleplerine cevap veren, Antalya da sahibinden salt\u0131k daire konut, i\u015fyeri, ofis, d\u00fckk\u00e2n, Rezidans projeleri in\u015fa etmeye ba\u015flam\u0131\u015ft\u0131r. Amac\u0131m\u0131z, Antalya Arg\u0131n \u0130n\u015faat emlak Firmas\u0131n\u0131 Antalya\u2019n\u0131n \u00f6nde gelen kaliteli bir in\u015faat firmas\u0131 yapmak, \u00fcretti\u011fimiz projeleri kullan\u0131c\u0131lar\u0131n iste\u011fine uygun sat\u0131\u015f&#8230;<\/p>\n","protected":false},"author":1,"featured_media":0,"parent":0,"menu_order":0,"comment_status":"open","ping_status":"closed","template":"templates\/properties.php","meta":{"footnotes":""},"class_list":["post-69","page","type-page","status-publish","hentry"],"_links":{"self":[{"href":"https:\/\/argininsaat.com\/index.php?rest_route=\/wp\/v2\/pages\/69"}],"collection":[{"href":"https:\/\/argininsaat.com\/index.php?rest_route=\/wp\/v2\/pages"}],"about":[{"href":"https:\/\/argininsaat.com\/index.php?rest_route=\/wp\/v2\/types\/page"}],"author":[{"embeddable":true,"href":"https:\/\/argininsaat.com\/index.php?rest_route=\/wp\/v2\/users\/1"}],"replies":[{"embeddable":true,"href":"https:\/\/argininsaat.com\/index.php?rest_route=%2Fwp%2Fv2%2Fcomments&post=69"}],"version-history":[{"count":5,"href":"https:\/\/argininsaat.com\/index.php?rest_route=\/wp\/v2\/pages\/69\/revisions"}],"predecessor-version":[{"id":5649,"href":"https:\/\/argininsaat.com\/index.php?rest_route=\/wp\/v2\/pages\/69\/revisions\/5649"}],"wp:attachment":[{"href":"https:\/\/argininsaat.com\/index.php?rest_route=%2Fwp%2Fv2%2Fmedia&parent=69"}],"curies":[{"name":"wp","href":"https:\/\/api.w.org\/{rel}","templated":true}]}}