{"id":4902,"date":"2020-10-06T15:26:17","date_gmt":"2020-10-06T12:26:17","guid":{"rendered":"http:\/\/argininsaat.com\/?page_id=4902"},"modified":"2020-10-15T18:15:15","modified_gmt":"2020-10-15T15:15:15","slug":"tarihcesi","status":"publish","type":"page","link":"https:\/\/argininsaat.com\/?page_id=4902","title":{"rendered":"TAR\u0130H\u00c7ES\u0130"},"content":{"rendered":"","protected":false},"excerpt":{"rendered":"","protected":false},"author":1,"featured_media":0,"parent":0,"menu_order":0,"comment_status":"closed","ping_status":"closed","template":"","meta":{"footnotes":""},"class_list":["post-4902","page","type-page","status-publish","hentry"],"_links":{"self":[{"href":"https:\/\/argininsaat.com\/index.php?rest_route=\/wp\/v2\/pages\/4902"}],"collection":[{"href":"https:\/\/argininsaat.com\/index.php?rest_route=\/wp\/v2\/pages"}],"about":[{"href":"https:\/\/argininsaat.com\/index.php?rest_route=\/wp\/v2\/types\/page"}],"author":[{"embeddable":true,"href":"https:\/\/argininsaat.com\/index.php?rest_route=\/wp\/v2\/users\/1"}],"replies":[{"embeddable":true,"href":"https:\/\/argininsaat.com\/index.php?rest_route=%2Fwp%2Fv2%2Fcomments&post=4902"}],"version-history":[{"count":9,"href":"https:\/\/argininsaat.com\/index.php?rest_route=\/wp\/v2\/pages\/4902\/revisions"}],"predecessor-version":[{"id":5472,"href":"https:\/\/argininsaat.com\/index.php?rest_route=\/wp\/v2\/pages\/4902\/revisions\/5472"}],"wp:attachment":[{"href":"https:\/\/argininsaat.com\/index.php?rest_route=%2Fwp%2Fv2%2Fmedia&parent=4902"}],"curies":[{"name":"wp","href":"https:\/\/api.w.org\/{rel}","templated":true}]}}