{"id":4812,"date":"2020-10-06T15:33:38","date_gmt":"2020-10-06T12:33:38","guid":{"rendered":"http:\/\/argininsaat.com\/?page_id=4812"},"modified":"2020-10-18T16:48:56","modified_gmt":"2020-10-18T13:48:56","slug":"tahir-argin","status":"publish","type":"page","link":"https:\/\/argininsaat.com\/?page_id=4812","title":{"rendered":"TAH\u0130R ARGIN"},"content":{"rendered":"<p>&nbsp;<\/p>\n<p><strong><u>ANTALYA ARGIN \u0130N\u015eAAT<\/u><\/strong><strong> olarak biz bir T\u00fcrkiye markas\u0131 olma r\u00fcyam\u0131z\u0131; inanarak, inand\u0131\u011f\u0131m\u0131z de\u011ferlerin u\u011frunda sava\u015farak ve \u00e7ok \u00e7al\u0131\u015farak ger\u00e7ekle\u015ftirdik. \u0130\u015f hayat\u0131n\u0131n vazge\u00e7ilmez ilkesi; h\u0131zl\u0131, d\u00fcr\u00fcst ve ilkeli olmakt\u0131r. en \u00f6nemli ilkemiz d\u00fcr\u00fcstl\u00fck, insana yat\u0131r\u0131m ve insana sayg\u0131 olmu\u015ftur.<\/strong><\/p>\n<p><strong>Ba\u015far\u0131l\u0131 kurulu\u015flar\u0131n ke\u015ffetti\u011fi gizli form\u00fcl\u00fcn, m\u00fc\u015fterilere ve \u00e7al\u0131\u015fanlara insani hassasiyetle davranmak oldu\u011fu bilinciyle \u00e7al\u0131\u015fan bizler, bug\u00fcn T\u00fcrkiye de, bir kurum olarak, ayn\u0131 temel ilkelerimizi d\u00fcnden bug\u00fcne ta\u015f\u0131man\u0131n ve daha da geli\u015ftirmenin k\u0131vanc\u0131n\u0131 ya\u015f\u0131yoruz.<\/strong><\/p>\n<p><strong>De\u011fi\u015fen ve her ge\u00e7en g\u00fcn daha \u00e7ok k\u00fcreselle\u015fen d\u00fcnyada; giri\u015fimin yeni ve g\u00f6zle g\u00f6r\u00fclemeyen dengeleri heves, dayan\u0131kl\u0131l\u0131k, kararl\u0131l\u0131k, liderlik ve pazarlama yetene\u011fidir. \u00c7ok b\u00fcy\u00fck ba\u015far\u0131lar ile sonu\u00e7lanan \u00adgiri\u015fimlerin ortak bir \u00f6zelli\u011fi vard\u0131r; hepsi, ara\u015ft\u0131rma ve geli\u015ftirmeye b\u00fcy\u00fck pay ay\u0131rmakta, finans kaynaklar\u0131n\u0131 do\u011fru y\u00f6nlendirmekte, piyasaya hakim firma uzmanlar\u0131n\u0131 b\u00fcnyesinde bar\u0131nd\u0131rmakta ve insan kaynaklar\u0131na gereken \u00f6nemi vermektedirler. \u0130\u015fte firmam\u0131z h\u0131zl\u0131 b\u00fcy\u00fcmesinde ve bug\u00fcnk\u00fc ba\u015far\u0131s\u0131nda i\u00e7imizde ta\u015f\u0131d\u0131\u011f\u0131m\u0131z giri\u015fim ruhunu ve onun hassas dengelerini do\u011fru analize etmenin \u00e7ok \u00f6nemli bir rol\u00fc vard\u0131r. Son teknolojik geli\u015fmelerin takip edilmesiyle yap\u0131lan yat\u0131r\u0131mlar\u0131n\u0131n yan\u0131nda, t\u00fcm bu teknolojileri anlaml\u0131 hale getiren insan kayna\u011f\u0131na da yat\u0131r\u0131m\u0131, ihmal etmemesinin katk\u0131s\u0131 b\u00fcy\u00fckt\u00fcr. Firmam\u0131z\u0131n; e\u011fitimli; yetenekli y\u00f6netim kadrosu ve tecr\u00fcbeli \u00e7al\u0131\u015fanlar\u0131 sayesinde, m\u00fc\u015fteri memnuniyeti odakl\u0131 hizmet anlay\u0131\u015f\u0131n\u0131 sekt\u00f6r el bilgi ve deneyimiyle birle\u015ftirerek \u015firketin ama\u00e7 ve kurumsal kimli\u011fini en g\u00fczel \u015fekilde hedef \u00adkitlesine yans\u0131tmay\u0131 ba\u015farmaktad\u0131r.<\/strong><\/p>\n<p><strong>Firmam\u0131z bir yandan bir aile \u015firketi olman\u0131n avantajlar\u0131 peki\u015ftirilirken; di\u011fer yandan kurumsalla\u015fma \u00e7al\u0131\u015fmalar\u0131, verimlilik analizleri, Ar-Ge \u00e7al\u0131\u015fmalar\u0131, y\u00f6netimde yeniden yap\u0131lanma ve \u00f6zellikle hayat boyu e\u011fitim programlar\u0131 ile her d\u00fczeydeki \u00e7al\u0131\u015fan\u0131m\u0131z\u0131n ki\u015fisel geli\u015fimine \u00f6zel bir \u00f6nem vermekteyiz. 15 y\u0131ll\u0131k ge\u00e7mi\u015finde T\u00fcrkiye\u2019de kendi sekt\u00f6r\u00fcnde 30 y\u0131ll\u0131k marka ve \u015firketlerle ayn\u0131 konuma gelebilen firmam\u0131z 15 ya\u015f\u0131nda olmas\u0131n\u0131n verdi\u011fi dinamizm ile daha da ilerilere gidecektir.<\/strong><\/p>\n<p><strong>&#8220;Ba\u015far\u0131 b\u00fcy\u00fcmeyi getirir ve b\u00fcy\u00fcme de\u011fi\u015fim demektir&#8221;. Bilgi ak\u0131\u015f\u0131n\u0131n \u00e7ok h\u0131zl\u0131 oldu\u011fu bili\u015fim \u00e7a\u011f\u0131nda \u00fcretilen mal ve hizmetlerin kaliteli olmas\u0131 tek ba\u015f\u0131na yeterli de\u011fildir. \u00dcr\u00fcn\u00fcn kalite standard\u0131 yan\u0131nda, ucuz ve zaman\u0131nda ula\u015ft\u0131r\u0131lmas\u0131n\u0131n ve d\u00fc\u015f\u00fcncelerin geciktirilmeden prati\u011fe d\u00f6n\u00fc\u015ft\u00fcr\u00fclmesinin \u00f6nemi daha b\u00fcy\u00fck hale gelmi\u015ftir.<\/strong><\/p>\n<p><strong><u>ANTALYA ARGIN \u0130N\u015eAAT<\/u><\/strong><strong> olarak hedefimiz, insanlar i\u00e7in daha iyi bir hayat kalitesi sa\u011flamak ve \u00fclkemizin geli\u015fmesinin s\u00fcrmesi i\u00e7in \u00fcst\u00fcm\u00fcze d\u00fc\u015fen g\u00f6revi yapmakt\u0131r. De\u011fi\u015fen ve geli\u015fen yeni d\u00fcnya pazarlar\u0131na an\u0131nda uyum sa\u011flayacak stratejilerin olu\u015fturulmas\u0131n\u0131, bir T\u00fcrkiye markas\u0131 haline gelen <\/strong><strong><u>ANTALYA ARGIN \u0130N\u015eAAT<\/u><\/strong><b> daha da \u00f6nemlisi yeni alanlara yat\u0131r\u0131m yaparak, geli\u015fmeyi hedefliyoruz.<\/b><\/p>\n<p style=\"text-align: center;\"><strong><em>\u00a0TAH\u0130R ARGIN.<\/em><\/strong><\/p>\n","protected":false},"excerpt":{"rendered":"<p>&nbsp; ANTALYA ARGIN \u0130N\u015eAAT olarak biz bir T\u00fcrkiye markas\u0131 olma r\u00fcyam\u0131z\u0131; inanarak, inand\u0131\u011f\u0131m\u0131z de\u011ferlerin u\u011frunda sava\u015farak ve \u00e7ok \u00e7al\u0131\u015farak ger\u00e7ekle\u015ftirdik. \u0130\u015f hayat\u0131n\u0131n vazge\u00e7ilmez ilkesi; h\u0131zl\u0131, d\u00fcr\u00fcst ve ilkeli olmakt\u0131r. en \u00f6nemli ilkemiz d\u00fcr\u00fcstl\u00fck, insana yat\u0131r\u0131m ve insana sayg\u0131 olmu\u015ftur. Ba\u015far\u0131l\u0131 kurulu\u015flar\u0131n ke\u015ffetti\u011fi gizli form\u00fcl\u00fcn, m\u00fc\u015fterilere ve \u00e7al\u0131\u015fanlara insani hassasiyetle davranmak oldu\u011fu bilinciyle \u00e7al\u0131\u015fan bizler, bug\u00fcn&#8230;<\/p>\n","protected":false},"author":1,"featured_media":0,"parent":0,"menu_order":0,"comment_status":"closed","ping_status":"closed","template":"","meta":{"footnotes":""},"class_list":["post-4812","page","type-page","status-publish","hentry"],"_links":{"self":[{"href":"https:\/\/argininsaat.com\/index.php?rest_route=\/wp\/v2\/pages\/4812"}],"collection":[{"href":"https:\/\/argininsaat.com\/index.php?rest_route=\/wp\/v2\/pages"}],"about":[{"href":"https:\/\/argininsaat.com\/index.php?rest_route=\/wp\/v2\/types\/page"}],"author":[{"embeddable":true,"href":"https:\/\/argininsaat.com\/index.php?rest_route=\/wp\/v2\/users\/1"}],"replies":[{"embeddable":true,"href":"https:\/\/argininsaat.com\/index.php?rest_route=%2Fwp%2Fv2%2Fcomments&post=4812"}],"version-history":[{"count":9,"href":"https:\/\/argininsaat.com\/index.php?rest_route=\/wp\/v2\/pages\/4812\/revisions"}],"predecessor-version":[{"id":5639,"href":"https:\/\/argininsaat.com\/index.php?rest_route=\/wp\/v2\/pages\/4812\/revisions\/5639"}],"wp:attachment":[{"href":"https:\/\/argininsaat.com\/index.php?rest_route=%2Fwp%2Fv2%2Fmedia&parent=4812"}],"curies":[{"name":"wp","href":"https:\/\/api.w.org\/{rel}","templated":true}]}}