{"id":4738,"date":"2020-10-10T18:07:40","date_gmt":"2020-10-10T15:07:40","guid":{"rendered":"http:\/\/modern-min.realhomes.io\/?page_id=2"},"modified":"2020-10-18T19:07:33","modified_gmt":"2020-10-18T16:07:33","slug":"sample-page","status":"publish","type":"page","link":"https:\/\/argininsaat.com\/?page_id=4738","title":{"rendered":"HAKKIMIZDA"},"content":{"rendered":"<p style=\"text-align: center;\" align=\"center\"><strong><em><u>HAKKIMIZDA<\/u><\/em><u><\/u><\/strong><\/p>\n<p style=\"text-align: center;\" align=\"center\"><strong>Arg\u0131n in\u015faat 2005 y\u0131l\u0131nda kurulan \u015firketimiz arg\u0131n in\u015faat ve m\u00fcteahhitlik sekt\u00f6r\u00fcne kalite ve g\u00fcven getirmek niyetindedir. \u015eirket kurucular\u0131 olan bizler, uzun y\u0131llard\u0131r in\u015faat sekt\u00f6r\u00fcn\u00fcn i\u00e7inde olup kazand\u0131\u011f\u0131m\u0131z b\u00fct\u00fcn tecr\u00fcbeleri yapt\u0131\u011f\u0131m\u0131z binalara aynen yans\u0131tmaktay\u0131z. Arg\u0131n in\u015faat kalite, sa\u011flaml\u0131k ve konfordan kesinlikle taviz vermedi\u011fi gibi arg\u0131n in\u015faat taahh\u00fcd\u00fc alt\u0131ndaki in\u015faatlar\u0131 zaman\u0131ndan \u00f6nce ve eksiksiz olarak teslim etmektedir. arg\u0131n in\u015faat Referanslar\u0131 \u00a0bunun en g\u00fczel \u00f6rne\u011fidir. Arg\u0131n in\u015faat Merkez ofisimiz Antalya\u2018da olup, Antalya&#8217;da devam etmekte olan bir\u00e7ok projemiz mevcuttur. Bitirdi\u011fimiz ve devam eden in\u015faatlara g\u00f6sterilen ilgi bizi yeni projelere at\u0131lmak i\u00e7in heyecanland\u0131rmaktad\u0131r.<\/strong><\/p>\n<p style=\"text-align: center;\" align=\"center\"><strong><em><u>V\u0130ZYON<\/u><\/em><\/strong><\/p>\n<p style=\"text-align: center;\" align=\"center\"><u><\/u><strong>\u00a0\u0130\u015fimize, insan\u0131m\u0131za ve \u00e7evremize duydu\u011fumuz sayg\u0131yla teknik ve estetik y\u00f6nden \u00fcst\u00fcn ve kal\u0131c\u0131 ya\u015fam alanlar\u0131 meydana getirerek T\u00fcrkiye\u2019de \u00f6nc\u00fc ve model bir kurum olmak.<\/strong><\/p>\n<p style=\"text-align: center;\" align=\"center\"><strong><em><u>M\u0130SYON\u00a0\u00a0<\/u><\/em><\/strong><\/p>\n<p style=\"text-align: center;\" align=\"center\"><strong><u><\/u>Arg\u0131n in\u015faat \u015firketinin amac\u0131 insanlara \u00f6m\u00fcr boyu mutlu ve huzurlu oturacaklar\u0131 binalar in\u015fa etmektir.<\/strong><\/p>\n","protected":false},"excerpt":{"rendered":"<p>HAKKIMIZDA Arg\u0131n in\u015faat 2005 y\u0131l\u0131nda kurulan \u015firketimiz arg\u0131n in\u015faat ve m\u00fcteahhitlik sekt\u00f6r\u00fcne kalite ve g\u00fcven getirmek niyetindedir. \u015eirket kurucular\u0131 olan bizler, uzun y\u0131llard\u0131r in\u015faat sekt\u00f6r\u00fcn\u00fcn i\u00e7inde olup kazand\u0131\u011f\u0131m\u0131z b\u00fct\u00fcn tecr\u00fcbeleri yapt\u0131\u011f\u0131m\u0131z binalara aynen yans\u0131tmaktay\u0131z. Arg\u0131n in\u015faat kalite, sa\u011flaml\u0131k ve konfordan kesinlikle taviz vermedi\u011fi gibi arg\u0131n in\u015faat taahh\u00fcd\u00fc alt\u0131ndaki in\u015faatlar\u0131 zaman\u0131ndan \u00f6nce ve eksiksiz olarak teslim&#8230;<\/p>\n","protected":false},"author":1,"featured_media":4837,"parent":0,"menu_order":1,"comment_status":"closed","ping_status":"open","template":"","meta":{"footnotes":""},"class_list":["post-4738","page","type-page","status-publish","has-post-thumbnail","hentry"],"_links":{"self":[{"href":"https:\/\/argininsaat.com\/index.php?rest_route=\/wp\/v2\/pages\/4738"}],"collection":[{"href":"https:\/\/argininsaat.com\/index.php?rest_route=\/wp\/v2\/pages"}],"about":[{"href":"https:\/\/argininsaat.com\/index.php?rest_route=\/wp\/v2\/types\/page"}],"author":[{"embeddable":true,"href":"https:\/\/argininsaat.com\/index.php?rest_route=\/wp\/v2\/users\/1"}],"replies":[{"embeddable":true,"href":"https:\/\/argininsaat.com\/index.php?rest_route=%2Fwp%2Fv2%2Fcomments&post=4738"}],"version-history":[{"count":7,"href":"https:\/\/argininsaat.com\/index.php?rest_route=\/wp\/v2\/pages\/4738\/revisions"}],"predecessor-version":[{"id":5648,"href":"https:\/\/argininsaat.com\/index.php?rest_route=\/wp\/v2\/pages\/4738\/revisions\/5648"}],"wp:featuredmedia":[{"embeddable":true,"href":"https:\/\/argininsaat.com\/index.php?rest_route=\/wp\/v2\/media\/4837"}],"wp:attachment":[{"href":"https:\/\/argininsaat.com\/index.php?rest_route=%2Fwp%2Fv2%2Fmedia&parent=4738"}],"curies":[{"name":"wp","href":"https:\/\/api.w.org\/{rel}","templated":true}]}}