{"id":155,"date":"2017-06-23T23:26:14","date_gmt":"2017-06-23T23:26:14","guid":{"rendered":"http:\/\/inspirythemesdemo.com\/realplaces\/?page_id=155"},"modified":"2020-10-20T16:19:30","modified_gmt":"2020-10-20T13:19:30","slug":"contact","status":"publish","type":"page","link":"https:\/\/argininsaat.com\/?page_id=155","title":{"rendered":"\u0130LET\u0130\u015e\u0130M"},"content":{"rendered":"\t\t<div data-elementor-type=\"wp-page\" data-elementor-id=\"155\" class=\"elementor elementor-155\">\n\t\t\t\t\t\t<div class=\"elementor-inner\">\n\t\t\t\t<div class=\"elementor-section-wrap\">\n\t\t\t\t\t\t\t\t\t<section class=\"elementor-section elementor-top-section elementor-element elementor-element-1cb4731 elementor-section-boxed elementor-section-height-default elementor-section-height-default\" data-id=\"1cb4731\" data-element_type=\"section\">\n\t\t\t\t\t\t<div class=\"elementor-container elementor-column-gap-default\">\n\t\t\t\t\t\t\t<div class=\"elementor-row\">\n\t\t\t\t\t<div class=\"elementor-column elementor-col-100 elementor-top-column elementor-element elementor-element-4c46562\" data-id=\"4c46562\" data-element_type=\"column\">\n\t\t\t<div class=\"elementor-column-wrap elementor-element-populated\">\n\t\t\t\t\t\t\t<div class=\"elementor-widget-wrap\">\n\t\t\t\t\t\t<div class=\"elementor-element elementor-element-a90ffff elementor-widget elementor-widget-text-editor\" data-id=\"a90ffff\" data-element_type=\"widget\" data-widget_type=\"text-editor.default\">\n\t\t\t\t<div class=\"elementor-widget-container\">\n\t\t\t\t\t\t\t\t<div class=\"elementor-text-editor elementor-clearfix\">\n\t\t\t\t<p><strong>ANTALYA MURATPA\u015eA \u00a0KIZILARIK MAH GAZ\u0130 BULVARI SAL\u0130HA ARGIN \u0130\u015eMERKEZ\u0130 286 \/ A.<\/strong><\/p>\t\t\t\t\t<\/div>\n\t\t\t\t\t\t<\/div>\n\t\t\t\t<\/div>\n\t\t\t\t\t\t<\/div>\n\t\t\t\t\t<\/div>\n\t\t<\/div>\n\t\t\t\t\t\t\t\t<\/div>\n\t\t\t\t\t<\/div>\n\t\t<\/section>\n\t\t\t\t<section class=\"elementor-section elementor-top-section elementor-element elementor-element-9b6f949 elementor-section-boxed elementor-section-height-default elementor-section-height-default\" data-id=\"9b6f949\" data-element_type=\"section\">\n\t\t\t\t\t\t<div class=\"elementor-container elementor-column-gap-default\">\n\t\t\t\t\t\t\t<div class=\"elementor-row\">\n\t\t\t\t\t<div class=\"elementor-column elementor-col-100 elementor-top-column elementor-element elementor-element-20ae811\" data-id=\"20ae811\" data-element_type=\"column\">\n\t\t\t<div class=\"elementor-column-wrap elementor-element-populated\">\n\t\t\t\t\t\t\t<div class=\"elementor-widget-wrap\">\n\t\t\t\t\t\t<div class=\"elementor-element elementor-element-a231a43 elementor-widget elementor-widget-text-editor\" data-id=\"a231a43\" data-element_type=\"widget\" data-widget_type=\"text-editor.default\">\n\t\t\t\t<div class=\"elementor-widget-container\">\n\t\t\t\t\t\t\t\t<div class=\"elementor-text-editor elementor-clearfix\">\n\t\t\t\t<p>ARGIN \u0130N\u015eAAT EMLAK SANAY\u0130 TUR\u0130Z\u0130M T\u0130CARET HAYVACILIK TARIM S\u00dcT \u00dcT\u00dcNLER\u0130 LTD \u015eT\u0130\u00a0 ANTALYA KURUMLAR VERG\u0130 DA\u0130RES\u0130 VERG\u0130 NO 074 044 12 89<\/p>\t\t\t\t\t<\/div>\n\t\t\t\t\t\t<\/div>\n\t\t\t\t<\/div>\n\t\t\t\t\t\t<\/div>\n\t\t\t\t\t<\/div>\n\t\t<\/div>\n\t\t\t\t\t\t\t\t<\/div>\n\t\t\t\t\t<\/div>\n\t\t<\/section>\n\t\t\t\t\t\t\t\t\t<\/div>\n\t\t\t<\/div>\n\t\t\t\t\t<\/div>\n\t\t","protected":false},"excerpt":{"rendered":"<p>ANTALYA MURATPA\u015eA \u00a0KIZILARIK MAH GAZ\u0130 BULVARI SAL\u0130HA ARGIN \u0130\u015eMERKEZ\u0130 286 \/ A. ARGIN \u0130N\u015eAAT EMLAK SANAY\u0130 TUR\u0130Z\u0130M T\u0130CARET HAYVACILIK TARIM S\u00dcT \u00dcT\u00dcNLER\u0130 LTD \u015eT\u0130\u00a0 ANTALYA KURUMLAR VERG\u0130 DA\u0130RES\u0130 VERG\u0130 NO 074 044 12 89<\/p>\n","protected":false},"author":1,"featured_media":0,"parent":0,"menu_order":0,"comment_status":"open","ping_status":"closed","template":"templates\/contact.php","meta":{"footnotes":""},"class_list":["post-155","page","type-page","status-publish","hentry"],"_links":{"self":[{"href":"https:\/\/argininsaat.com\/index.php?rest_route=\/wp\/v2\/pages\/155"}],"collection":[{"href":"https:\/\/argininsaat.com\/index.php?rest_route=\/wp\/v2\/pages"}],"about":[{"href":"https:\/\/argininsaat.com\/index.php?rest_route=\/wp\/v2\/types\/page"}],"author":[{"embeddable":true,"href":"https:\/\/argininsaat.com\/index.php?rest_route=\/wp\/v2\/users\/1"}],"replies":[{"embeddable":true,"href":"https:\/\/argininsaat.com\/index.php?rest_route=%2Fwp%2Fv2%2Fcomments&post=155"}],"version-history":[{"count":11,"href":"https:\/\/argininsaat.com\/index.php?rest_route=\/wp\/v2\/pages\/155\/revisions"}],"predecessor-version":[{"id":5340,"href":"https:\/\/argininsaat.com\/index.php?rest_route=\/wp\/v2\/pages\/155\/revisions\/5340"}],"wp:attachment":[{"href":"https:\/\/argininsaat.com\/index.php?rest_route=%2Fwp%2Fv2%2Fmedia&parent=155"}],"curies":[{"name":"wp","href":"https:\/\/api.w.org\/{rel}","templated":true}]}}